{"id":19597,"date":"2026-03-09T15:46:26","date_gmt":"2026-03-09T14:46:26","guid":{"rendered":"https:\/\/hoteldeicongressiroma.com\/?page_id=19597"},"modified":"2026-03-09T15:48:32","modified_gmt":"2026-03-09T14:48:32","slug":"work-with-us-2","status":"publish","type":"page","link":"https:\/\/hoteldeicongressiroma.com\/en\/work-with-us-2\/","title":{"rendered":"Work with us"},"content":{"rendered":"\t\t<div data-elementor-type=\"wp-page\" data-elementor-id=\"19597\" class=\"elementor elementor-19597 elementor-19596\" data-elementor-post-type=\"page\">\n\t\t\t\t\t\t<section class=\"elementor-section elementor-top-section elementor-element elementor-element-9f5b236 ovartl-bg-bottom-right elementor-section-full_width elementor-section-content-middle elementor-section-height-default elementor-section-height-default\" data-id=\"9f5b236\" data-element_type=\"section\" data-e-type=\"section\" data-settings=\"{&quot;background_background&quot;:&quot;classic&quot;}\">\n\t\t\t\t\t\t<div class=\"elementor-container elementor-column-gap-default\">\n\t\t\t\t\t<div class=\"elementor-column elementor-col-50 elementor-top-column elementor-element elementor-element-82caace\" data-id=\"82caace\" data-element_type=\"column\" data-e-type=\"column\" data-settings=\"{&quot;background_background&quot;:&quot;classic&quot;}\">\n\t\t\t<div class=\"elementor-widget-wrap elementor-element-populated\">\n\t\t\t\t\t\t<div class=\"elementor-element elementor-element-2aae66b elementor-widget elementor-widget-spacer\" data-id=\"2aae66b\" data-element_type=\"widget\" data-e-type=\"widget\" data-widget_type=\"spacer.default\">\n\t\t\t\t\t\t\t<div class=\"elementor-spacer\">\n\t\t\t<div class=\"elementor-spacer-inner\"><\/div>\n\t\t<\/div>\n\t\t\t\t\t\t<\/div>\n\t\t\t\t\t<\/div>\n\t\t<\/div>\n\t\t\t\t<div class=\"elementor-column elementor-col-50 elementor-top-column elementor-element elementor-element-c446a18\" data-id=\"c446a18\" data-element_type=\"column\" data-e-type=\"column\">\n\t\t\t<div class=\"elementor-widget-wrap elementor-element-populated\">\n\t\t\t\t\t\t<div class=\"elementor-element elementor-element-8ad8189 elementor-widget__width-initial elementor-widget-tablet__width-initial elementor-invisible elementor-widget elementor-widget-infetech_elementor_heading\" data-id=\"8ad8189\" data-element_type=\"widget\" data-e-type=\"widget\" data-settings=\"{&quot;_animation&quot;:&quot;ova-move-left&quot;}\" data-widget_type=\"infetech_elementor_heading.default\">\n\t\t\t\t<div class=\"elementor-widget-container\">\n\t\t\t\t\t\n\t\t\t<div class=\"ova-heading\">\n\t\t\t\t\n\t\t\t\t\n\t\t\t\t\n\t\t\t\t\t<h3 class=\"title\">\t\t\t\t\t\t\t\t\t\t\t\t\tWork with Hotel dei Congressi\t\t\t\t\t\t\t\t\t\t\t<\/h3>\n                \n                \t\t\t\t\t<p class=\"description\">Would you like to submit your application to collaborate with us?\nPlease fill out the form below and attach your updated r\u00e9sum\u00e9 file.\nIf we are interested in your application, we will contact you.\nPlease attach only PDF or WORD format r\u00e9sum\u00e9s.<\/p>\n\t\t\t\t\n\t\t\t<\/div>\n\n\t\t\t\t\t\t<\/div>\n\t\t\t\t<\/div>\n\t\t\t\t<div class=\"elementor-element elementor-element-324dfa3 elementor-widget__width-initial elementor-widget elementor-widget-shortcode\" data-id=\"324dfa3\" data-element_type=\"widget\" data-e-type=\"widget\" data-widget_type=\"shortcode.default\">\n\t\t\t\t\t\t\t<div class=\"elementor-shortcode\">\n<div class=\"wpcf7 no-js\" id=\"wpcf7-f19181-o1\" lang=\"en-US\" dir=\"ltr\" data-wpcf7-id=\"19181\">\n<div class=\"screen-reader-response\"><p role=\"status\" aria-live=\"polite\" aria-atomic=\"true\"><\/p> <ul><\/ul><\/div>\n<form action=\"\/en\/wp-json\/wp\/v2\/pages\/19597#wpcf7-f19181-o1\" method=\"post\" class=\"wpcf7-form init\" aria-label=\"Contact form\" enctype=\"multipart\/form-data\" novalidate=\"novalidate\" data-status=\"init\">\n<fieldset class=\"hidden-fields-container\"><input type=\"hidden\" name=\"_wpcf7\" value=\"19181\" \/><input type=\"hidden\" name=\"_wpcf7_version\" value=\"6.1.5\" \/><input type=\"hidden\" name=\"_wpcf7_locale\" value=\"en_US\" \/><input type=\"hidden\" name=\"_wpcf7_unit_tag\" value=\"wpcf7-f19181-o1\" \/><input type=\"hidden\" name=\"_wpcf7_container_post\" value=\"0\" \/><input type=\"hidden\" name=\"_wpcf7_posted_data_hash\" value=\"\" \/><input type=\"hidden\" name=\"_wpcf7_recaptcha_response\" value=\"\" \/>\n<\/fieldset>\n<div class=\"ova-ctfrom7\">\n\t<div class=\"form-contact-us\">\n\t\t<div class=\"form-left\">\n\t\t\t<div class=\"name-info ova_wrap_input\">\n\t\t\t\t<p><span class=\"wpcf7-form-control-wrap\" data-name=\"fullname\"><input size=\"40\" maxlength=\"400\" class=\"wpcf7-form-control wpcf7-text wpcf7-validates-as-required\" aria-required=\"true\" aria-invalid=\"false\" placeholder=\"Name*\" value=\"\" type=\"text\" name=\"fullname\" \/><\/span>\n\t\t\t\t<\/p>\n\t\t\t<\/div>\n\t\t\t<div class=\"email ova_wrap_input\">\n\t\t\t\t<p><span class=\"wpcf7-form-control-wrap\" data-name=\"cognome\"><input size=\"40\" maxlength=\"400\" class=\"wpcf7-form-control wpcf7-text wpcf7-validates-as-required\" aria-required=\"true\" aria-invalid=\"false\" placeholder=\"Surname*\" value=\"\" type=\"text\" name=\"cognome\" \/><\/span>\n\t\t\t\t<\/p>\n\t\t\t<\/div>\n\t\t<\/div>\n\t\t<div class=\"form-left\">\n\t\t\t<div class=\"name-info ova_wrap_input\">\n\t\t\t\t<p><span class=\"wpcf7-form-control-wrap\" data-name=\"your-phone\"><input size=\"40\" maxlength=\"400\" class=\"wpcf7-form-control wpcf7-tel wpcf7-validates-as-required wpcf7-text wpcf7-validates-as-tel\" aria-required=\"true\" aria-invalid=\"false\" placeholder=\"Phone*\" value=\"\" type=\"tel\" name=\"your-phone\" \/><\/span>\n\t\t\t\t<\/p>\n\t\t\t<\/div>\n\t\t\t<div class=\"email ova_wrap_input\">\n\t\t\t\t<p><span class=\"wpcf7-form-control-wrap\" data-name=\"your-email\"><input size=\"40\" maxlength=\"400\" class=\"wpcf7-form-control wpcf7-email wpcf7-validates-as-required wpcf7-text wpcf7-validates-as-email\" aria-required=\"true\" aria-invalid=\"false\" placeholder=\"E-mail*\" value=\"\" type=\"email\" name=\"your-email\" \/><\/span>\n\t\t\t\t<\/p>\n\t\t\t<\/div>\n\t\t<\/div>\n\t\t<div class=\"form-right\">\n\t\t\t<div class=\"subject ova_wrap_input\">\n\t\t\t\t<p>Click on \u2018Browse\u2019 to upload your CV (accepted formats: .pdf, .doc, .docx)*\n\t\t\t\t<\/p>\n\t\t\t\t<p><span class=\"wpcf7-form-control-wrap\" data-name=\"file-496\"><input size=\"40\" class=\"wpcf7-form-control wpcf7-file wpcf7-validates-as-required\" accept=\".pdf,.doc,.docx\" aria-required=\"true\" aria-invalid=\"false\" type=\"file\" name=\"file-496\" \/><\/span>\n\t\t\t\t<\/p>\n\t\t\t<\/div>\n\t\t<\/div>\n\t\t<div class=\"message ova_wrap_input\">\n\t\t\t<p><span class=\"wpcf7-form-control-wrap\" data-name=\"your-message\"><textarea cols=\"40\" rows=\"10\" maxlength=\"2000\" class=\"wpcf7-form-control wpcf7-textarea wpcf7-validates-as-required\" aria-required=\"true\" aria-invalid=\"false\" placeholder=\"Write a short introduction about yourself here...\" name=\"your-message\"><\/textarea><\/span>\n\t\t\t<\/p>\n\t\t<\/div>\n\t\t<p><span class=\"wpcf7-form-control-wrap\" data-name=\"acceptance-880\"><span class=\"wpcf7-form-control wpcf7-acceptance\"><span class=\"wpcf7-list-item\"><label><input type=\"checkbox\" name=\"acceptance-880\" value=\"1\" aria-invalid=\"false\" \/><span class=\"wpcf7-list-item-label\">I accept the <a style=\"color:white;\" href=\"https:\/\/www.iubenda.com\/privacy-policy\/76509212\">privacy\/GDPR conditions<\/a> for the processing of personal data.<\/span><\/label><\/span><\/span><\/span>\n\t\t<\/p>\n\t<span class=\"wpcf7-form-control-wrap recaptcha\" data-name=\"recaptcha\"><span data-sitekey=\"6Le77wglAAAAAHu3urYNQmuuqxvqedRMxoftfnzF\" data-align=\"center\" class=\"wpcf7-form-control wpcf7-recaptcha g-recaptcha\"><\/span>\r\n<noscript>\r\n\t<div class=\"grecaptcha-noscript\">\r\n\t\t<iframe src=\"https:\/\/www.google.com\/recaptcha\/api\/fallback?k=6Le77wglAAAAAHu3urYNQmuuqxvqedRMxoftfnzF\" frameborder=\"0\" scrolling=\"no\" width=\"310\" height=\"430\">\r\n\t\t<\/iframe>\r\n\t\t<textarea name=\"g-recaptcha-response\" rows=\"3\" cols=\"40\" placeholder=\"reCaptcha Response Here\">\r\n\t\t<\/textarea>\r\n\t<\/div>\r\n<\/noscript>\r\n<\/span>\n\t\t<div class=\"ova-submit\">\n\t\t\t<p><input class=\"wpcf7-form-control wpcf7-submit has-spinner\" type=\"submit\" value=\"Send\" \/>\n\t\t\t<\/p>\n\t\t<\/div>\n\t<\/div>\n<\/div><div class=\"wpcf7-response-output\" aria-hidden=\"true\"><\/div>\n<\/form>\n<\/div>\n<\/div>\n\t\t\t\t\t\t<\/div>\n\t\t\t\t\t<\/div>\n\t\t<\/div>\n\t\t\t\t\t<\/div>\n\t\t<\/section>\n\t\t\t\t<section class=\"elementor-section elementor-top-section elementor-element elementor-element-5864574 elementor-section-content-top elementor-section-boxed elementor-section-height-default elementor-section-height-default\" data-id=\"5864574\" data-element_type=\"section\" data-e-type=\"section\" data-settings=\"{&quot;background_background&quot;:&quot;classic&quot;}\">\n\t\t\t\t\t\t\t<div class=\"elementor-background-overlay\"><\/div>\n\t\t\t\t\t\t\t<div class=\"elementor-container elementor-column-gap-default\">\n\t\t\t\t\t<div class=\"elementor-column elementor-col-100 elementor-top-column elementor-element elementor-element-fe78aab\" data-id=\"fe78aab\" data-element_type=\"column\" data-e-type=\"column\">\n\t\t\t<div class=\"elementor-widget-wrap elementor-element-populated\">\n\t\t\t\t\t\t<div class=\"elementor-element elementor-element-d0df9a0 elementor-widget__width-inherit elementor-widget-tablet__width-initial elementor-invisible elementor-widget elementor-widget-infetech_elementor_heading\" data-id=\"d0df9a0\" data-element_type=\"widget\" data-e-type=\"widget\" data-settings=\"{&quot;_animation&quot;:&quot;ova-move-left&quot;}\" data-widget_type=\"infetech_elementor_heading.default\">\n\t\t\t\t<div class=\"elementor-widget-container\">\n\t\t\t\t\t\n\t\t\t<div class=\"ova-heading\">\n\t\t\t\t\n\t\t\t\t\n\t\t\t\t\n\t\t\t\t\t<h3 class=\"title\">\t\t\t\t\t\t\t\t\t\t\t\t\tHow to Get Here\t\t\t\t\t\t\t\t\t\t\t<\/h3>\n                \n                \n\t\t\t<\/div>\n\n\t\t\t\t\t\t<\/div>\n\t\t\t\t<\/div>\n\t\t\t\t\t<\/div>\n\t\t<\/div>\n\t\t\t\t\t<\/div>\n\t\t<\/section>\n\t\t\t\t<section class=\"elementor-section elementor-top-section elementor-element elementor-element-37e5e31 elementor-section-content-top elementor-section-boxed elementor-section-height-default elementor-section-height-default\" data-id=\"37e5e31\" data-element_type=\"section\" data-e-type=\"section\" data-settings=\"{&quot;background_background&quot;:&quot;classic&quot;}\">\n\t\t\t\t\t\t\t<div class=\"elementor-background-overlay\"><\/div>\n\t\t\t\t\t\t\t<div class=\"elementor-container elementor-column-gap-default\">\n\t\t\t\t\t<div class=\"elementor-column elementor-col-50 elementor-top-column elementor-element elementor-element-28b4fcc\" data-id=\"28b4fcc\" data-element_type=\"column\" data-e-type=\"column\">\n\t\t\t<div class=\"elementor-widget-wrap elementor-element-populated\">\n\t\t\t\t\t\t<div class=\"elementor-element elementor-element-7703a80 elementor-widget__width-inherit elementor-widget-tablet__width-initial elementor-widget elementor-widget-infetech_elementor_heading\" data-id=\"7703a80\" data-element_type=\"widget\" data-e-type=\"widget\" data-widget_type=\"infetech_elementor_heading.default\">\n\t\t\t\t<div class=\"elementor-widget-container\">\n\t\t\t\t\t\n\t\t\t<div class=\"ova-heading\">\n\t\t\t\t\n\t\t\t\t\t\t\t\t\t<h2 class=\"sub-title\">\n\t\t\t\t\t\t<span class=\"underlined\"><\/span>\n\t\t\t\t\t\tBy Plane\t\t\t\t\t<\/h2>\t\n\t\t\t\t\n\t\t\t\t\n\t\t\t\t\t<h3 class=\"title\">\t\t\t\t\t\t\t\t\t\t\t\t\tFrom Fiumicino \u201cLeonardo da Vinci\u201d Airport\t\t\t\t\t\t\t\t\t\t\t<\/h3>\n                \n                \t\t\t\t\t<p class=\"description\">BY PUBLIC TRANSPORT: Take the regional train from Fiumicino to Ostiense. From there, take Metro Line B towards Laurentina and get off at EUR FERMI. From the station, walk about 100 meters: cross Viale America and Viale Europa, and you will easily reach Viale Shakespeare.\n\nBY CAR: Follow the signs to Rome, then to the GRA (Ring Road), direction Pontina\/EUR\/Laurentina. Continue on the GRA until Exit 26 \u2013 Eur, direction city center. Distance from Rome Fiumicino International Airport: 15 km (approximately 30 minutes).<\/p>\n\t\t\t\t\n\t\t\t<\/div>\n\n\t\t\t\t\t\t<\/div>\n\t\t\t\t<\/div>\n\t\t\t\t<div class=\"elementor-element elementor-element-efa44a5 elementor-widget__width-inherit elementor-widget-tablet__width-initial elementor-widget elementor-widget-infetech_elementor_heading\" data-id=\"efa44a5\" data-element_type=\"widget\" data-e-type=\"widget\" data-widget_type=\"infetech_elementor_heading.default\">\n\t\t\t\t<div class=\"elementor-widget-container\">\n\t\t\t\t\t\n\t\t\t<div class=\"ova-heading\">\n\t\t\t\t\n\t\t\t\t\n\t\t\t\t\n\t\t\t\t\t<h3 class=\"title\">\t\t\t\t\t\t\t\t\t\t\t\t\tFrom Ciampino Airport\t\t\t\t\t\t\t\t\t\t\t<\/h3>\n                \n                \t\t\t\t\t<p class=\"description\">Take Via Appia toward Rome, then join the GRA (Ring Road) in the direction Pontina\/EUR\/Laurentina. Exit at 26 \u2013 EUR, direction city center.\nDistance from Rome Ciampino International Airport: 16 km (approximately 30 minutes).<\/p>\n\t\t\t\t\n\t\t\t<\/div>\n\n\t\t\t\t\t\t<\/div>\n\t\t\t\t<\/div>\n\t\t\t\t\t<\/div>\n\t\t<\/div>\n\t\t\t\t<div class=\"elementor-column elementor-col-50 elementor-top-column elementor-element elementor-element-7b4a2ac elementor-invisible\" data-id=\"7b4a2ac\" data-element_type=\"column\" data-e-type=\"column\" data-settings=\"{&quot;animation&quot;:&quot;ova-move-left&quot;,&quot;animation_tablet&quot;:&quot;none&quot;,&quot;animation_delay&quot;:50}\">\n\t\t\t<div class=\"elementor-widget-wrap elementor-element-populated\">\n\t\t\t\t\t\t<div class=\"elementor-element elementor-element-371a62e elementor-widget__width-inherit elementor-widget-tablet__width-initial elementor-widget elementor-widget-infetech_elementor_heading\" data-id=\"371a62e\" data-element_type=\"widget\" data-e-type=\"widget\" data-widget_type=\"infetech_elementor_heading.default\">\n\t\t\t\t<div class=\"elementor-widget-container\">\n\t\t\t\t\t\n\t\t\t<div class=\"ova-heading\">\n\t\t\t\t\n\t\t\t\t\t\t\t\t\t<h2 class=\"sub-title\">\n\t\t\t\t\t\t<span class=\"underlined\"><\/span>\n\t\t\t\t\t\tBy Train\t\t\t\t\t<\/h2>\t\n\t\t\t\t\n\t\t\t\t\n\t\t\t\t\t<h3 class=\"title\">\t\t\t\t\t\t\t\t\t\t\t\t\tFrom Termini Station\t\t\t\t\t\t\t\t\t\t\t<\/h3>\n                \n                \t\t\t\t\t<p class=\"description\">Take Metro Line B in the direction Laurentina and get off at EUR FERMI.\nFrom the station, walk about 100 meters: cross Viale America and Viale Europa to easily reach Viale Shakespeare.<\/p>\n\t\t\t\t\n\t\t\t<\/div>\n\n\t\t\t\t\t\t<\/div>\n\t\t\t\t<\/div>\n\t\t\t\t<div class=\"elementor-element elementor-element-22eafb1 elementor-widget__width-inherit elementor-widget-tablet__width-initial elementor-widget elementor-widget-infetech_elementor_heading\" data-id=\"22eafb1\" data-element_type=\"widget\" data-e-type=\"widget\" data-widget_type=\"infetech_elementor_heading.default\">\n\t\t\t\t<div class=\"elementor-widget-container\">\n\t\t\t\t\t\n\t\t\t<div class=\"ova-heading\">\n\t\t\t\t\n\t\t\t\t\t\t\t\t\t<h2 class=\"sub-title\">\n\t\t\t\t\t\t<span class=\"underlined\"><\/span>\n\t\t\t\t\t\tBy Car\t\t\t\t\t<\/h2>\t\n\t\t\t\t\n\t\t\t\t\n                \t\t\t\t\t<p class=\"description\">Take the Rome\u2013Fiumicino highway toward Rome.\nFollow the signs to Via Cristoforo Colombo, heading out of the city.\nThen turn left onto Viale Asia, and then right onto Viale Shakespeare, where the hotel is located.<\/p>\n\t\t\t\t\n\t\t\t<\/div>\n\n\t\t\t\t\t\t<\/div>\n\t\t\t\t<\/div>\n\t\t\t\t\t<\/div>\n\t\t<\/div>\n\t\t\t\t\t<\/div>\n\t\t<\/section>\n\t\t\t\t<\/div>\n\t\t","protected":false},"excerpt":{"rendered":"<p>Work with Hotel dei Congressi Would you like to submit your application to collaborate with us? Please fill out the form below and attach your updated r\u00e9sum\u00e9 file. If we are interested in your application, we will contact you. Please attach only PDF or WORD format r\u00e9sum\u00e9s. How to Get Here By Plane From Fiumicino [&hellip;]<\/p>\n","protected":false},"author":1,"featured_media":0,"parent":0,"menu_order":0,"comment_status":"closed","ping_status":"closed","template":"elementor_header_footer","meta":{"footnotes":""},"class_list":["post-19597","page","type-page","status-publish","hentry"],"yoast_head":"<!-- This site is optimized with the Yoast SEO plugin v26.9 - https:\/\/yoast.com\/product\/yoast-seo-wordpress\/ -->\n<title>Work with us - Hotel dei Congressi Roma<\/title>\n<meta name=\"robots\" content=\"index, follow, max-snippet:-1, max-image-preview:large, max-video-preview:-1\" \/>\n<link rel=\"canonical\" href=\"https:\/\/hoteldeicongressiroma.com\/it\/conformita\/\" \/>\n<meta property=\"og:locale\" content=\"en_US\" \/>\n<meta property=\"og:type\" content=\"article\" \/>\n<meta property=\"og:title\" content=\"Work with us - Hotel dei Congressi Roma\" \/>\n<meta property=\"og:description\" content=\"Work with Hotel dei Congressi Would you like to submit your application to collaborate with us? Please fill out the form below and attach your updated r\u00e9sum\u00e9 file. If we are interested in your application, we will contact you. Please attach only PDF or WORD format r\u00e9sum\u00e9s. How to Get Here By Plane From Fiumicino [&hellip;]\" \/>\n<meta property=\"og:url\" content=\"https:\/\/hoteldeicongressiroma.com\/it\/conformita\/\" \/>\n<meta property=\"og:site_name\" content=\"Hotel dei Congressi Roma\" \/>\n<meta property=\"article:modified_time\" content=\"2026-03-09T14:48:32+00:00\" \/>\n<meta name=\"twitter:card\" content=\"summary_large_image\" \/>\n<meta name=\"twitter:label1\" content=\"Est. reading time\" \/>\n\t<meta name=\"twitter:data1\" content=\"2 minutes\" \/>\n<script type=\"application\/ld+json\" class=\"yoast-schema-graph\">{\"@context\":\"https:\/\/schema.org\",\"@graph\":[{\"@type\":\"WebPage\",\"@id\":\"https:\/\/hoteldeicongressiroma.com\/it\/conformita\/\",\"url\":\"https:\/\/hoteldeicongressiroma.com\/it\/conformita\/\",\"name\":\"Work with us - Hotel dei Congressi Roma\",\"isPartOf\":{\"@id\":\"https:\/\/hoteldeicongressiroma.com\/it\/#website\"},\"datePublished\":\"2026-03-09T14:46:26+00:00\",\"dateModified\":\"2026-03-09T14:48:32+00:00\",\"breadcrumb\":{\"@id\":\"https:\/\/hoteldeicongressiroma.com\/it\/conformita\/#breadcrumb\"},\"inLanguage\":\"en-US\",\"potentialAction\":[{\"@type\":\"ReadAction\",\"target\":[\"https:\/\/hoteldeicongressiroma.com\/it\/conformita\/\"]}]},{\"@type\":\"BreadcrumbList\",\"@id\":\"https:\/\/hoteldeicongressiroma.com\/it\/conformita\/#breadcrumb\",\"itemListElement\":[{\"@type\":\"ListItem\",\"position\":1,\"name\":\"Home\",\"item\":\"https:\/\/hoteldeicongressiroma.com\/en\/\"},{\"@type\":\"ListItem\",\"position\":2,\"name\":\"Work with us\"}]},{\"@type\":\"WebSite\",\"@id\":\"https:\/\/hoteldeicongressiroma.com\/it\/#website\",\"url\":\"https:\/\/hoteldeicongressiroma.com\/it\/\",\"name\":\"Hotel dei Congressi Roma\",\"description\":\"Nel cuore dell'EUR dal 1958\",\"publisher\":{\"@id\":\"https:\/\/hoteldeicongressiroma.com\/it\/#organization\"},\"potentialAction\":[{\"@type\":\"SearchAction\",\"target\":{\"@type\":\"EntryPoint\",\"urlTemplate\":\"https:\/\/hoteldeicongressiroma.com\/it\/?s={search_term_string}\"},\"query-input\":{\"@type\":\"PropertyValueSpecification\",\"valueRequired\":true,\"valueName\":\"search_term_string\"}}],\"inLanguage\":\"en-US\"},{\"@type\":\"Organization\",\"@id\":\"https:\/\/hoteldeicongressiroma.com\/it\/#organization\",\"name\":\"Hotel dei Congressi Roma\",\"url\":\"https:\/\/hoteldeicongressiroma.com\/it\/\",\"logo\":{\"@type\":\"ImageObject\",\"inLanguage\":\"en-US\",\"@id\":\"https:\/\/hoteldeicongressiroma.com\/it\/#\/schema\/logo\/image\/\",\"url\":\"https:\/\/hoteldeicongressiroma.com\/wp-content\/uploads\/2024\/01\/Hotel-dei-Congressi-logo-footer.png\",\"contentUrl\":\"https:\/\/hoteldeicongressiroma.com\/wp-content\/uploads\/2024\/01\/Hotel-dei-Congressi-logo-footer.png\",\"width\":188,\"height\":113,\"caption\":\"Hotel dei Congressi Roma\"},\"image\":{\"@id\":\"https:\/\/hoteldeicongressiroma.com\/it\/#\/schema\/logo\/image\/\"},\"sameAs\":[\"https:\/\/www.instagram.com\/accounts\/login\/?next=httpswww.instagram.comhotel_dei_congressi_romahlit&is_from_rle\"]}]}<\/script>\n<!-- \/ Yoast SEO plugin. -->","yoast_head_json":{"title":"Work with us - Hotel dei Congressi Roma","robots":{"index":"index","follow":"follow","max-snippet":"max-snippet:-1","max-image-preview":"max-image-preview:large","max-video-preview":"max-video-preview:-1"},"canonical":"https:\/\/hoteldeicongressiroma.com\/it\/conformita\/","og_locale":"en_US","og_type":"article","og_title":"Work with us - Hotel dei Congressi Roma","og_description":"Work with Hotel dei Congressi Would you like to submit your application to collaborate with us? Please fill out the form below and attach your updated r\u00e9sum\u00e9 file. If we are interested in your application, we will contact you. Please attach only PDF or WORD format r\u00e9sum\u00e9s. How to Get Here By Plane From Fiumicino [&hellip;]","og_url":"https:\/\/hoteldeicongressiroma.com\/it\/conformita\/","og_site_name":"Hotel dei Congressi Roma","article_modified_time":"2026-03-09T14:48:32+00:00","twitter_card":"summary_large_image","twitter_misc":{"Est. reading time":"2 minutes"},"schema":{"@context":"https:\/\/schema.org","@graph":[{"@type":"WebPage","@id":"https:\/\/hoteldeicongressiroma.com\/it\/conformita\/","url":"https:\/\/hoteldeicongressiroma.com\/it\/conformita\/","name":"Work with us - Hotel dei Congressi Roma","isPartOf":{"@id":"https:\/\/hoteldeicongressiroma.com\/it\/#website"},"datePublished":"2026-03-09T14:46:26+00:00","dateModified":"2026-03-09T14:48:32+00:00","breadcrumb":{"@id":"https:\/\/hoteldeicongressiroma.com\/it\/conformita\/#breadcrumb"},"inLanguage":"en-US","potentialAction":[{"@type":"ReadAction","target":["https:\/\/hoteldeicongressiroma.com\/it\/conformita\/"]}]},{"@type":"BreadcrumbList","@id":"https:\/\/hoteldeicongressiroma.com\/it\/conformita\/#breadcrumb","itemListElement":[{"@type":"ListItem","position":1,"name":"Home","item":"https:\/\/hoteldeicongressiroma.com\/en\/"},{"@type":"ListItem","position":2,"name":"Work with us"}]},{"@type":"WebSite","@id":"https:\/\/hoteldeicongressiroma.com\/it\/#website","url":"https:\/\/hoteldeicongressiroma.com\/it\/","name":"Hotel dei Congressi Roma","description":"Nel cuore dell'EUR dal 1958","publisher":{"@id":"https:\/\/hoteldeicongressiroma.com\/it\/#organization"},"potentialAction":[{"@type":"SearchAction","target":{"@type":"EntryPoint","urlTemplate":"https:\/\/hoteldeicongressiroma.com\/it\/?s={search_term_string}"},"query-input":{"@type":"PropertyValueSpecification","valueRequired":true,"valueName":"search_term_string"}}],"inLanguage":"en-US"},{"@type":"Organization","@id":"https:\/\/hoteldeicongressiroma.com\/it\/#organization","name":"Hotel dei Congressi Roma","url":"https:\/\/hoteldeicongressiroma.com\/it\/","logo":{"@type":"ImageObject","inLanguage":"en-US","@id":"https:\/\/hoteldeicongressiroma.com\/it\/#\/schema\/logo\/image\/","url":"https:\/\/hoteldeicongressiroma.com\/wp-content\/uploads\/2024\/01\/Hotel-dei-Congressi-logo-footer.png","contentUrl":"https:\/\/hoteldeicongressiroma.com\/wp-content\/uploads\/2024\/01\/Hotel-dei-Congressi-logo-footer.png","width":188,"height":113,"caption":"Hotel dei Congressi Roma"},"image":{"@id":"https:\/\/hoteldeicongressiroma.com\/it\/#\/schema\/logo\/image\/"},"sameAs":["https:\/\/www.instagram.com\/accounts\/login\/?next=httpswww.instagram.comhotel_dei_congressi_romahlit&is_from_rle"]}]}},"_links":{"self":[{"href":"https:\/\/hoteldeicongressiroma.com\/en\/wp-json\/wp\/v2\/pages\/19597","targetHints":{"allow":["GET"]}}],"collection":[{"href":"https:\/\/hoteldeicongressiroma.com\/en\/wp-json\/wp\/v2\/pages"}],"about":[{"href":"https:\/\/hoteldeicongressiroma.com\/en\/wp-json\/wp\/v2\/types\/page"}],"author":[{"embeddable":true,"href":"https:\/\/hoteldeicongressiroma.com\/en\/wp-json\/wp\/v2\/users\/1"}],"replies":[{"embeddable":true,"href":"https:\/\/hoteldeicongressiroma.com\/en\/wp-json\/wp\/v2\/comments?post=19597"}],"version-history":[{"count":1,"href":"https:\/\/hoteldeicongressiroma.com\/en\/wp-json\/wp\/v2\/pages\/19597\/revisions"}],"predecessor-version":[{"id":19599,"href":"https:\/\/hoteldeicongressiroma.com\/en\/wp-json\/wp\/v2\/pages\/19597\/revisions\/19599"}],"wp:attachment":[{"href":"https:\/\/hoteldeicongressiroma.com\/en\/wp-json\/wp\/v2\/media?parent=19597"}],"curies":[{"name":"wp","href":"https:\/\/api.w.org\/{rel}","templated":true}]}}